{"id":2,"date":"2024-04-24T17:06:14","date_gmt":"2024-04-24T15:06:14","guid":{"rendered":"https:\/\/www.mosquee-yahya.aeservices.ovh\/?page_id=2"},"modified":"2024-04-29T11:20:32","modified_gmt":"2024-04-29T09:20:32","slug":"page-d-exemple","status":"publish","type":"page","link":"https:\/\/www.mosquee-yahya.aeservices.ovh\/","title":{"rendered":"Accueil"},"content":{"rendered":"<p><\/p>\n<p style=\"margin-bottom: 10px; line-height: 30px; text-align: justify;\">Bienvenue sur le site officiel de la **Mosqu\u00e9e Yahya**.\u00a0<\/p>\n<p style=\"margin-bottom: 10px; line-height: 30px; text-align: justify;\">\u00a0<\/p>\n<p style=\"margin-bottom: 10px; line-height: 30px; text-align: justify;\">Nous sommes une communaut\u00e9 musulmane dynamique et inclusive, d\u00e9di\u00e9e \u00e0 la propagation de la compr\u00e9hension et de l&rsquo;amour de l&rsquo;Islam. Situ\u00e9e au c\u0153ur de notre ville, la Mosqu\u00e9e Yahya est plus qu&rsquo;un lieu de pri\u00e8re, c&rsquo;est un espace de rassemblement pour les fid\u00e8les, un lieu d&rsquo;apprentissage et d&rsquo;\u00e9change.<\/p>\n<p style=\"margin-bottom: 10px; line-height: 30px; text-align: justify;\">\u00a0<\/p>\n<p style=\"margin-bottom: 10px; line-height: 30px; text-align: justify;\">Notre mosqu\u00e9e est ouverte \u00e0 tous, ind\u00e9pendamment de l&rsquo;\u00e2ge, du genre, de l&rsquo;origine ethnique ou de la croyance. Nous offrons une vari\u00e9t\u00e9 de services, y compris des pri\u00e8res quotidiennes, des cours d&rsquo;\u00e9ducation islamique, des activit\u00e9s communautaires et bien plus encore.<\/p>\n<p style=\"margin-bottom: 10px; line-height: 30px; text-align: justify;\">\u00a0<\/p>\n<p style=\"margin-bottom: 10px; line-height: 30px; text-align: justify;\">Nous vous invitons \u00e0 explorer notre site pour en savoir plus sur nos services, nos \u00e9v\u00e9nements \u00e0 venir et comment vous pouvez vous impliquer. Que vous soyez un membre de longue date de notre communaut\u00e9 ou que vous nous visitiez pour la premi\u00e8re fois, nous sommes impatients de vous accueillir \u00e0 la Mosqu\u00e9e Yahaya.<\/p>\n<p style=\"margin-bottom: 10px; line-height: 30px; text-align: justify;\">\u00a0<\/p>\n<p style=\"margin-bottom: 10px; line-height: 30px; text-align: justify;\">Ensemble, nous pouvons continuer \u00e0 faire de la Mosqu\u00e9e Yahya un lieu de paix, de pri\u00e8re et de fraternit\u00e9 pour tous.<\/p>\n\u00a0\n<p><\/p>","protected":false},"excerpt":{"rendered":"<p>Bienvenue sur le site officiel de la **Mosqu\u00e9e Yahya**.\u00a0 \u00a0 Nous sommes une communaut\u00e9 musulmane dynamique et inclusive, d\u00e9di\u00e9e \u00e0 la propagation de la compr\u00e9hension et de l&rsquo;amour de l&rsquo;Islam. Situ\u00e9e au c\u0153ur de notre ville, la Mosqu\u00e9e Yahya est plus qu&rsquo;un lieu de pri\u00e8re, c&rsquo;est un espace de rassemblement pour les fid\u00e8les, un lieu [&hellip;]<\/p>\n","protected":false},"author":1,"featured_media":0,"parent":0,"menu_order":0,"comment_status":"closed","ping_status":"open","template":"","meta":{"footnotes":""},"class_list":["post-2","page","type-page","status-publish","hentry"],"_links":{"self":[{"href":"https:\/\/www.mosquee-yahya.aeservices.ovh\/index.php?rest_route=\/wp\/v2\/pages\/2","targetHints":{"allow":["GET"]}}],"collection":[{"href":"https:\/\/www.mosquee-yahya.aeservices.ovh\/index.php?rest_route=\/wp\/v2\/pages"}],"about":[{"href":"https:\/\/www.mosquee-yahya.aeservices.ovh\/index.php?rest_route=\/wp\/v2\/types\/page"}],"author":[{"embeddable":true,"href":"https:\/\/www.mosquee-yahya.aeservices.ovh\/index.php?rest_route=\/wp\/v2\/users\/1"}],"replies":[{"embeddable":true,"href":"https:\/\/www.mosquee-yahya.aeservices.ovh\/index.php?rest_route=%2Fwp%2Fv2%2Fcomments&post=2"}],"version-history":[{"count":4,"href":"https:\/\/www.mosquee-yahya.aeservices.ovh\/index.php?rest_route=\/wp\/v2\/pages\/2\/revisions"}],"predecessor-version":[{"id":26,"href":"https:\/\/www.mosquee-yahya.aeservices.ovh\/index.php?rest_route=\/wp\/v2\/pages\/2\/revisions\/26"}],"wp:attachment":[{"href":"https:\/\/www.mosquee-yahya.aeservices.ovh\/index.php?rest_route=%2Fwp%2Fv2%2Fmedia&parent=2"}],"curies":[{"name":"wp","href":"https:\/\/api.w.org\/{rel}","templated":true}]}}